{"id":1379,"date":"2020-03-13T18:03:54","date_gmt":"2020-03-13T18:03:54","guid":{"rendered":"http:\/\/elecosinpasos.com\/?page_id=1379"},"modified":"2020-10-04T17:36:37","modified_gmt":"2020-10-04T17:36:37","slug":"cafe-para-todos","status":"publish","type":"page","link":"https:\/\/elecosinpasos.com\/?page_id=1379","title":{"rendered":"Caf\u00e9 para todos"},"content":{"rendered":"\n<div class=\"wp-block-image\"><figure class=\"aligncenter size-large\"><img loading=\"lazy\" decoding=\"async\" width=\"342\" height=\"342\" src=\"https:\/\/elecosinpasos.com\/wp-content\/uploads\/2020\/03\/CafeParaTodosLogo.jpg\" alt=\"\" class=\"wp-image-1381\" srcset=\"https:\/\/elecosinpasos.com\/wp-content\/uploads\/2020\/03\/CafeParaTodosLogo.jpg 342w, https:\/\/elecosinpasos.com\/wp-content\/uploads\/2020\/03\/CafeParaTodosLogo-300x300.jpg 300w, https:\/\/elecosinpasos.com\/wp-content\/uploads\/2020\/03\/CafeParaTodosLogo-150x150.jpg 150w, https:\/\/elecosinpasos.com\/wp-content\/uploads\/2020\/03\/CafeParaTodosLogo-144x144.jpg 144w\" sizes=\"auto, (max-width: 342px) 100vw, 342px\" \/><\/figure><\/div>\n\n\n\n<p style=\"text-align: justify;\">Caf\u00e9 para todos es un juego de tablero inspirado en la pol\u00edtica espa\u00f1ola.<\/p>\n<p style=\"text-align: justify;\">Actualmente, dicho juego est\u00e1 en fase final de prototipo, tras dos largos a\u00f1o de dise\u00f1o y testeo, alguna tentativa de llevarlo a publicar, y un a\u00f1o y medio de par\u00f3n.<\/p>\n<p style=\"text-align: justify;\">Personalmente creo que el juego ludifica de forma sencilla las din\u00e1micas electorales y la lucha por el poder de los partidos pol\u00edticos, incluyendo las variables auton\u00f3micas y la dicotom\u00eda nacional\/nacionalista que caracteriza las relaciones del estado con Euskadi y Catalunya.<\/p>\n<p style=\"text-align: justify;\">Tal es as\u00ed que el t\u00edtulo del juego me pareci\u00f3 de lo m\u00e1s acertado, aunque para alg\u00fan jug\u00f3n le pueda resultar enga\u00f1oso; puesto que no es un juego hist\u00f3rico de la Transici\u00f3n, sino m\u00e1s bien un juego de partidos pol\u00edticos en la sociedad actual.<\/p>\n<p style=\"text-align: justify;\">Algunas mec\u00e1nicas reproducen el Congreso y el Gobierno, sobretodo con la intenci\u00f3n de simplificar y ludificar algo que muchas veces se nos hace dif\u00edcil comprender de o\u00eddas: esto es la lucha por el poder pol\u00edtico y la corrupci\u00f3n.<\/p>\n<p style=\"text-align: justify;\">Hay algunos puntos que no he considerado por varias razones. Entre ellos, la posibilidad de los movimientos regionalistas adquiera conciencia nacional, como podr\u00eda suceder en Galiza, Andaluc\u00eda o Castilla y Le\u00f3n. Esto se debe a que el m\u00e9todo que us\u00e9 para \u00abtraducir\u00bb el poder pol\u00edtico provincial en el del juego se basa en el hist\u00f3rico de esca\u00f1os de los partidos.&nbsp;<\/p>\n<p style=\"text-align: justify;\">Sin embargo, tras las \u00faltimas elecciones han surgido nuevos partidos regionales con representaci\u00f3n que podr\u00edan responder a esa din\u00e1mica, aunque su presencia sigue siendo muy d\u00e9bil. Tambi\u00e9n se ha superado el bipartidismo y nos hemos adentrado en un modo de juego multipartidista.<\/p>\n<p style=\"text-align: justify;\">Mi intenci\u00f3n es ir colgando contenidos para dar a conocer el proyecto &nbsp;y, quiz\u00e1, publicarlo&#8230; Si crees que puede interesarte y quieres lanzar alguna propuesta, puedes hacer un comentario o enviarme un correo.<\/p>\n\n\n\n<div class=\"wp-block-image is-style-default\"><figure class=\"aligncenter size-full is-resized\"><img loading=\"lazy\" decoding=\"async\" src=\"https:\/\/elecosinpasos.com\/wp-content\/uploads\/2020\/03\/playtesting2.jpg\" alt=\"Primera versi\u00f3n del juego\" class=\"wp-image-1382\" width=\"547\" height=\"346\" srcset=\"https:\/\/elecosinpasos.com\/wp-content\/uploads\/2020\/03\/playtesting2.jpg 1024w, https:\/\/elecosinpasos.com\/wp-content\/uploads\/2020\/03\/playtesting2-300x190.jpg 300w, https:\/\/elecosinpasos.com\/wp-content\/uploads\/2020\/03\/playtesting2-768x487.jpg 768w\" sizes=\"auto, (max-width: 547px) 100vw, 547px\" \/><figcaption>Primera versi\u00f3n del juego, 2016<\/figcaption><\/figure><\/div>\n\n\n\n<ul class=\"lcp_catlist\" id=\"lcp_instance_0\"><li><a href=\"https:\/\/elecosinpasos.com\/?p=1617\">Cinquena Fira de Jocs DAU, 2016<\/a><\/li><li><a href=\"https:\/\/elecosinpasos.com\/?p=772\">300 d\u00edas para crear un juego<\/a><\/li><\/ul>\n\n\n\r\n\t\t<style>\r\n\t\t\t.huge-it-share-buttons {\r\n\t\t\t\tborder:0px solid #0FB5D6;\r\n\t\t\t\tborder-radius:5px;\r\n\t\t\t\tbackground:#3BD8FF;\r\n\t\t\t\t\t\t\t\t\t text-align:center; \t\t\t}\r\n\r\n\t\t\t#huge-it-share-buttons-top {margin-bottom:0px;}\r\n\t\t\t#huge-it-share-buttons-bottom {margin-top:0px;}\r\n\r\n\t\t\t.huge-it-share-buttons h3 {\r\n\t\t\t\tfont-size:25px ;\r\n\t\t\t\tfont-family:Arial,Helvetica Neue,Helvetica,sans-serif;\r\n\t\t\t\tcolor:#666666;\r\n\r\n\t\t\tdisplay:block;\t\t\t\tline-height:25px ;\r\n\r\n\t\t\t\t\t\t\t\t\t text-align:center; \t\t\t}\r\n\r\n\t\t\t.huge-it-share-buttons ul {\r\n\t\t\t\t\t\t\t\t\t margin:0px auto !important;text-align:center; \t\t\t}\r\n\r\n\t\t\t.huge-it-share-buttons ul li {\r\n\t\t\t\tmargin-left:3px;\r\n\t\t\t\tmargin-right:3px;\r\n\t\t\t\tpadding:0px;\r\n\t\t\t\tborder:0px ridge #E6354C;\r\n\t\t\t\tborder-radius:11px;\r\n\t\t\t\tbackground-color:#14CC9B;\r\n\t\t\t}\r\n\r\n\t\t\t.huge-it-share-buttons ul li #backforunical1379 {\r\n\t\t\t\tborder-bottom: 0;\r\n\t\t\t\tbackground-image:url('https:\/\/elecosinpasos.com\/wp-content\/plugins\/wp-share-buttons\/Front_end\/..\/images\/buttons.30.png');\r\n\t\t\t\twidth:30px;\r\n\t\t\t\theight:30px;\r\n\t\t\t}\r\n\r\n\t\t\t.front-shares-count {\r\n\t\t\t\tposition: absolute;\r\n\t\t\t\ttext-align: center;\r\n\t\t\t\tdisplay: block;\r\n\t\t\t}\r\n\r\n\t\t\t.shares_size20 .front-shares-count {\r\n\t\t\t\tfont-size: 10px;\r\n\t\t\t\ttop: 10px;\r\n\t\t\t\twidth: 20px;\r\n\t\t\t}\r\n\r\n\t\t\t.shares_size30 .front-shares-count {\r\n\t\t\t\tfont-size: 11px;\r\n\t\t\t\ttop: 15px;\r\n\t\t\t\twidth: 30px;\r\n\t\t\t}\r\n\r\n\t\t\t.shares_size40 .front-shares-count {\r\n\t\t\t\tfont-size: 12px;\r\n\t\t\t\ttop: 21px;\r\n\t\t\t\twidth: 40px;\r\n\t\t\t}\r\n\t\t<\/style>\r\n\t\t\r\n\t\t<div id=\"huge-it-share-buttons-top\" class=\"huge-it-share-buttons nobackground\">\r\n\t\t\t<h3>Share This:<\/h3>\r\n\t\t\t<ul class=\"huge-it-share-buttons-list \">\r\n\t\t\t\t\t\t\t\t\t<li class=\"nobackground \" >\r\n\r\n\t\t\t\t\t\t\t\t\t\t\t\t<a id=\"backforunical1379\" href=\"https:\/\/www.facebook.com\/sharer\/sharer.php?u=elecosinpasos.com\/index.php?rest_route=%2Fwp%2Fv2%2Fpages%2F1379\"  onclick=\"javascript:void window.open('https:\/\/www.facebook.com\/sharer\/sharer.php?u=elecosinpasos.com\/index.php?rest_route=%2Fwp%2Fv2%2Fpages%2F1379','1410949501326','width=700,height=500,toolbar=0,menubar=0,location=0,status=1,scrollbars=1,resizable=1,left=0,top=0');return false;\" style=\"background-position: -0px -120px \"><\/a>\r\n\t\t\t\t\t<\/li>\r\n\t\t\t\t\t\t\t\t\t\t<li class=\"nobackground \" >\r\n\r\n\t\t\t\t\t\t\t\t\t\t\t\t<a id=\"backforunical1379\" href=\"https:\/\/twitter.com\/share?status=elecosinpasos.com\/index.php?rest_route=%2Fwp%2Fv2%2Fpages%2F1379&text=Caf\u00e9 para todos\"  onclick=\"javascript:void window.open('https:\/\/twitter.com\/share?status=elecosinpasos.com\/index.php?rest_route=%2Fwp%2Fv2%2Fpages%2F1379&text=Caf\u00e9 para todos','1410949501326','width=700,height=500,toolbar=0,menubar=0,location=0,status=1,scrollbars=1,resizable=1,left=0,top=0');return false;\" style=\"background-position: -30px -120px \"><\/a>\r\n\t\t\t\t\t<\/li>\r\n\t\t\t\t\t\t\t\t\t\t<li class=\"none nobackground \" >\r\n\r\n\t\t\t\t\t\t\t\t\t\t\t\t<a id=\"backforunical1379\" href=\"http:\/\/www.pinterest.com\/pin\/create\/button\/?url=elecosinpasos.com\/index.php?rest_route=%2Fwp%2Fv2%2Fpages%2F1379&media=https:\/\/elecosinpasos.com\/wp-content\/plugins\/wp-share-buttons\/Front_end\/..\/images\/noimage.png&description=Caf\u00e9 para todos\"  onclick=\"javascript:void window.open('http:\/\/www.pinterest.com\/pin\/create\/button\/?url=elecosinpasos.com\/index.php?rest_route=%2Fwp%2Fv2%2Fpages%2F1379&media=https:\/\/elecosinpasos.com\/wp-content\/plugins\/wp-share-buttons\/Front_end\/..\/images\/noimage.png&description=Caf\u00e9 para todos','1410949501326','width=700,height=500,toolbar=0,menubar=0,location=0,status=1,scrollbars=1,resizable=1,left=0,top=0');return false;\" style=\"background-position: -60px -120px \"><\/a>\r\n\t\t\t\t\t<\/li>\r\n\t\t\t\t\t\t\t\t\t\t<li class=\"nobackground \" >\r\n\r\n\t\t\t\t\t\t\t\t\t\t\t\t<a id=\"backforunical1379\" href=\"https:\/\/plus.google.com\/share?url=elecosinpasos.com\/index.php?rest_route=%2Fwp%2Fv2%2Fpages%2F1379\"  onclick=\"javascript:void window.open('https:\/\/plus.google.com\/share?url=elecosinpasos.com\/index.php?rest_route=%2Fwp%2Fv2%2Fpages%2F1379','1410949501326','width=700,height=500,toolbar=0,menubar=0,location=0,status=1,scrollbars=1,resizable=1,left=0,top=0');return false;\" style=\"background-position: -90px -120px \"><\/a>\r\n\t\t\t\t\t<\/li>\r\n\t\t\t\t\t\t\t\t\t\t<li class=\"nobackground \" >\r\n\r\n\t\t\t\t\t\t\t\t\t\t\t\t<a id=\"backforunical1379\" href=\"https:\/\/www.linkedin.com\/shareArticle?title=Caf\u00e9 para todos&mini=true&url=https:\/\/elecosinpasos.com\/index.php?rest_route=%2Fwp%2Fv2%2Fpages%2F1379\"  onclick=\"javascript:void window.open('https:\/\/www.linkedin.com\/shareArticle?title=Caf\u00e9 para todos&mini=true&url=https:\/\/elecosinpasos.com\/index.php?rest_route=%2Fwp%2Fv2%2Fpages%2F1379','1410949501326','width=700,height=500,toolbar=0,menubar=0,location=0,status=1,scrollbars=1,resizable=1,left=0,top=0');return false;\" style=\"background-position: -120px -120px \"><\/a>\r\n\t\t\t\t\t<\/li>\r\n\t\t\t\t\t\t\t\t\t\t<li class=\"none nobackground \" >\r\n\r\n\t\t\t\t\t\t\t\t\t\t\t\t<a id=\"backforunical1379\" href=\"https:\/\/www.tumblr.com\/share\/link?url=elecosinpasos.com\/index.php?rest_route=%2Fwp%2Fv2%2Fpages%2F1379&name=Caf\u00e9 para todos\"  onclick=\"javascript:void window.open('https:\/\/www.tumblr.com\/share\/link?url=elecosinpasos.com\/index.php?rest_route=%2Fwp%2Fv2%2Fpages%2F1379&name=Caf\u00e9 para todos','1410949501326','width=700,height=500,toolbar=0,menubar=0,location=0,status=1,scrollbars=1,resizable=1,left=0,top=0');return false;\" style=\"background-position: -150px -120px \"><\/a>\r\n\t\t\t\t\t<\/li>\r\n\t\t\t\t\t\t\t\t\t\t<li class=\"none nobackground \" >\r\n\r\n\t\t\t\t\t\t\t\t\t\t\t\t<a id=\"backforunical1379\" href=\"http:\/\/digg.com\/submit?phase=2&url=elecosinpasos.com\/index.php?rest_route=%2Fwp%2Fv2%2Fpages%2F1379&title=Caf\u00e9 para todos\"  onclick=\"javascript:void window.open('http:\/\/digg.com\/submit?phase=2&url=elecosinpasos.com\/index.php?rest_route=%2Fwp%2Fv2%2Fpages%2F1379&title=Caf\u00e9 para todos','1410949501326','width=700,height=500,toolbar=0,menubar=0,location=0,status=1,scrollbars=1,resizable=1,left=0,top=0');return false;\" style=\"background-position: -180px -120px \"><\/a>\r\n\t\t\t\t\t<\/li>\r\n\t\t\t\t\t\t\t\t\t\t<li class=\"none nobackground \" >\r\n\r\n\t\t\t\t\t\t\t\t\t\t\t\t<a id=\"backforunical1379\" href=\"http:\/\/www.stumbleupon.com\/submit?url=elecosinpasos.com\/index.php?rest_route=%2Fwp%2Fv2%2Fpages%2F1379&title=Caf\u00e9 para todos\"  onclick=\"javascript:void window.open('http:\/\/www.stumbleupon.com\/submit?url=elecosinpasos.com\/index.php?rest_route=%2Fwp%2Fv2%2Fpages%2F1379&title=Caf\u00e9 para todos','1410949501326','width=700,height=500,toolbar=0,menubar=0,location=0,status=1,scrollbars=1,resizable=1,left=0,top=0');return false;\" style=\"background-position: -210px -120px \"><\/a>\r\n\t\t\t\t\t<\/li>\r\n\t\t\t\t\t\t\t\t\t\t<li class=\"none nobackground \" >\r\n\r\n\t\t\t\t\t\t\t\t\t\t\t\t<a id=\"backforunical1379\" href=\"https:\/\/myspace.com\/post?l=3&u=elecosinpasos.com\/index.php?rest_route=%2Fwp%2Fv2%2Fpages%2F1379\"  onclick=\"javascript:void window.open('https:\/\/myspace.com\/post?l=3&u=elecosinpasos.com\/index.php?rest_route=%2Fwp%2Fv2%2Fpages%2F1379','1410949501326','width=700,height=500,toolbar=0,menubar=0,location=0,status=1,scrollbars=1,resizable=1,left=0,top=0');return false;\" style=\"background-position: -240px -120px \"><\/a>\r\n\t\t\t\t\t<\/li>\r\n\t\t\t\t\t\t\t\t\t\t<li class=\"none nobackground \" >\r\n\r\n\t\t\t\t\t\t\t\t\t\t\t\t<a id=\"backforunical1379\" href=\"http:\/\/vk.com\/share.php?url=elecosinpasos.com\/index.php?rest_route=%2Fwp%2Fv2%2Fpages%2F1379&title=Caf\u00e9 para todos\"  onclick=\"javascript:void window.open('http:\/\/vk.com\/share.php?url=elecosinpasos.com\/index.php?rest_route=%2Fwp%2Fv2%2Fpages%2F1379&title=Caf\u00e9 para todos','1410949501326','width=700,height=500,toolbar=0,menubar=0,location=0,status=1,scrollbars=1,resizable=1,left=0,top=0');return false;\" style=\"background-position: -270px -120px \"><\/a>\r\n\t\t\t\t\t<\/li>\r\n\t\t\t\t\t\t\t\t\t\t<li class=\"none nobackground \" >\r\n\r\n\t\t\t\t\t\t\t\t\t\t\t\t<a id=\"backforunical1379\" href=\"http:\/\/www.reddit.com\/submit?url=elecosinpasos.com\/index.php?rest_route=%2Fwp%2Fv2%2Fpages%2F1379&title=Caf\u00e9 para todos\"  onclick=\"javascript:void window.open('http:\/\/www.reddit.com\/submit?url=elecosinpasos.com\/index.php?rest_route=%2Fwp%2Fv2%2Fpages%2F1379&title=Caf\u00e9 para todos','1410949501326','width=700,height=500,toolbar=0,menubar=0,location=0,status=1,scrollbars=1,resizable=1,left=0,top=0');return false;\" style=\"background-position: -300px -120px \"><\/a>\r\n\t\t\t\t\t<\/li>\r\n\t\t\t\t\t\t\t\t\t\t<li class=\"none nobackground \" >\r\n\r\n\t\t\t\t\t\t\t\t\t\t\t\t<a id=\"backforunical1379\" href=\"http:\/\/www.bebo.com\/c\/share?Url=elecosinpasos.com\/index.php?rest_route=%2Fwp%2Fv2%2Fpages%2F1379\"  onclick=\"javascript:void window.open('http:\/\/www.bebo.com\/c\/share?Url=elecosinpasos.com\/index.php?rest_route=%2Fwp%2Fv2%2Fpages%2F1379','1410949501326','width=700,height=500,toolbar=0,menubar=0,location=0,status=1,scrollbars=1,resizable=1,left=0,top=0');return false;\" style=\"background-position: -330px -120px \"><\/a>\r\n\t\t\t\t\t<\/li>\r\n\t\t\t\t\t\t\t\t\t\t<li class=\"none nobackground \" >\r\n\r\n\t\t\t\t\t\t\t\t\t\t\t\t<a id=\"backforunical1379\" href=\"https:\/\/delicious.com\/save?v=5&noui&jump=close&url=elecosinpasos.com\/index.php?rest_route=%2Fwp%2Fv2%2Fpages%2F1379&title=Caf\u00e9 para todos\"  onclick=\"javascript:void window.open('https:\/\/delicious.com\/save?v=5&noui&jump=close&url=elecosinpasos.com\/index.php?rest_route=%2Fwp%2Fv2%2Fpages%2F1379&title=Caf\u00e9 para todos','1410949501326','width=700,height=500,toolbar=0,menubar=0,location=0,status=1,scrollbars=1,resizable=1,left=0,top=0');return false;\" style=\"background-position: -360px -120px \"><\/a>\r\n\t\t\t\t\t<\/li>\r\n\t\t\t\t\t\t\t\t\t\t<li class=\"none nobackground \" >\r\n\r\n\t\t\t\t\t\t\t\t\t\t\t\t<a id=\"backforunical1379\" href=\"http:\/\/www.odnoklassniki.ru\/dk?st.cmd=addShare&st.s=2&st.noresize=on&st._surl=elecosinpasos.com\/index.php?rest_route=%2Fwp%2Fv2%2Fpages%2F1379\"  onclick=\"javascript:void window.open('http:\/\/www.odnoklassniki.ru\/dk?st.cmd=addShare&st.s=2&st.noresize=on&st._surl=elecosinpasos.com\/index.php?rest_route=%2Fwp%2Fv2%2Fpages%2F1379','1410949501326','width=700,height=500,toolbar=0,menubar=0,location=0,status=1,scrollbars=1,resizable=1,left=0,top=0');return false;\" style=\"background-position: -390px -120px \"><\/a>\r\n\t\t\t\t\t<\/li>\r\n\t\t\t\t\t\t\t\t\t\t<li class=\"none nobackground \" >\r\n\r\n\t\t\t\t\t\t\t\t\t\t\t\t<a id=\"backforunical1379\" href=\"http:\/\/sns.qzone.qq.com\/cgi-bin\/qzshare\/cgi_qzshare_onekey?url=elecosinpasos.com\/index.php?rest_route=%2Fwp%2Fv2%2Fpages%2F1379&title=Caf\u00e9 para todos\"  onclick=\"javascript:void window.open('http:\/\/sns.qzone.qq.com\/cgi-bin\/qzshare\/cgi_qzshare_onekey?url=elecosinpasos.com\/index.php?rest_route=%2Fwp%2Fv2%2Fpages%2F1379&title=Caf\u00e9 para todos','1410949501326','width=700,height=500,toolbar=0,menubar=0,location=0,status=1,scrollbars=1,resizable=1,left=0,top=0');return false;\" style=\"background-position: -420px -120px \"><\/a>\r\n\t\t\t\t\t<\/li>\r\n\t\t\t\t\t\t\t\t\t\t<li class=\"none nobackground \" >\r\n\r\n\t\t\t\t\t\t\t\t\t\t\t\t<a id=\"backforunical1379\" href=\"http:\/\/service.weibo.com\/share\/share.php?url=elecosinpasos.com\/index.php?rest_route=%2Fwp%2Fv2%2Fpages%2F1379&appkey=&title=Caf\u00e9 para todos&pic=&ralateUid=&\"  onclick=\"javascript:void window.open('http:\/\/service.weibo.com\/share\/share.php?url=elecosinpasos.com\/index.php?rest_route=%2Fwp%2Fv2%2Fpages%2F1379&appkey=&title=Caf\u00e9 para todos&pic=&ralateUid=&','1410949501326','width=700,height=500,toolbar=0,menubar=0,location=0,status=1,scrollbars=1,resizable=1,left=0,top=0');return false;\" style=\"background-position: -450px -120px \"><\/a>\r\n\t\t\t\t\t<\/li>\r\n\t\t\t\t\t\t\t\t\t\t<li class=\"none nobackground \" >\r\n\r\n\t\t\t\t\t\t\t\t\t\t\t\t<a id=\"backforunical1379\" href=\"http:\/\/widget.renren.com\/dialog\/share?resourceUrl=elecosinpasos.com\/index.php?rest_route=%2Fwp%2Fv2%2Fpages%2F1379&srcUrl=elecosinpasos.com\/index.php?rest_route=%2Fwp%2Fv2%2Fpages%2F1379&title=Caf\u00e9 para todos\"  onclick=\"javascript:void window.open('http:\/\/widget.renren.com\/dialog\/share?resourceUrl=elecosinpasos.com\/index.php?rest_route=%2Fwp%2Fv2%2Fpages%2F1379&srcUrl=elecosinpasos.com\/index.php?rest_route=%2Fwp%2Fv2%2Fpages%2F1379&title=Caf\u00e9 para todos','1410949501326','width=700,height=500,toolbar=0,menubar=0,location=0,status=1,scrollbars=1,resizable=1,left=0,top=0');return false;\" style=\"background-position: -480px -120px \"><\/a>\r\n\t\t\t\t\t<\/li>\r\n\t\t\t\t\t\t\t\t\t\t<li class=\"none nobackground \" >\r\n\r\n\t\t\t\t\t\t\t\t\t\t\t\t<a id=\"backforunical1379\" href=\"http:\/\/n4g.com\/tips?url=elecosinpasos.com\/index.php?rest_route=%2Fwp%2Fv2%2Fpages%2F1379&title=Caf\u00e9 para todos\"  onclick=\"javascript:void window.open('http:\/\/n4g.com\/tips?url=elecosinpasos.com\/index.php?rest_route=%2Fwp%2Fv2%2Fpages%2F1379&title=Caf\u00e9 para todos','1410949501326','width=700,height=500,toolbar=0,menubar=0,location=0,status=1,scrollbars=1,resizable=1,left=0,top=0');return false;\" style=\"background-position: -510px -120px \"><\/a>\r\n\t\t\t\t\t<\/li>\r\n\t\t\t\t\t\t\t\t<\/ul>\r\n\t\t\t<div class=\"clear\"><\/div>\r\n\t\t<\/div>\r\n\t\t","protected":false},"excerpt":{"rendered":"<p>Caf\u00e9 para todos es un juego de tablero inspirado en la pol\u00edtica espa\u00f1ola. Actualmente, dicho juego est\u00e1 en fase final de prototipo, tras dos largos a\u00f1o de dise\u00f1o y testeo, alguna tentativa de llevarlo a publicar, y un a\u00f1o y &hellip; <a href=\"https:\/\/elecosinpasos.com\/?page_id=1379\">Sigue leyendo <span class=\"meta-nav\">&rarr;<\/span><\/a><\/p>\n","protected":false},"author":1,"featured_media":0,"parent":0,"menu_order":0,"comment_status":"closed","ping_status":"closed","template":"","meta":{"_monsterinsights_skip_tracking":false,"_monsterinsights_sitenote_active":false,"_monsterinsights_sitenote_note":"","_monsterinsights_sitenote_category":0,"footnotes":""},"class_list":["post-1379","page","type-page","status-publish","hentry"],"_links":{"self":[{"href":"https:\/\/elecosinpasos.com\/index.php?rest_route=\/wp\/v2\/pages\/1379","targetHints":{"allow":["GET"]}}],"collection":[{"href":"https:\/\/elecosinpasos.com\/index.php?rest_route=\/wp\/v2\/pages"}],"about":[{"href":"https:\/\/elecosinpasos.com\/index.php?rest_route=\/wp\/v2\/types\/page"}],"author":[{"embeddable":true,"href":"https:\/\/elecosinpasos.com\/index.php?rest_route=\/wp\/v2\/users\/1"}],"replies":[{"embeddable":true,"href":"https:\/\/elecosinpasos.com\/index.php?rest_route=%2Fwp%2Fv2%2Fcomments&post=1379"}],"version-history":[{"count":14,"href":"https:\/\/elecosinpasos.com\/index.php?rest_route=\/wp\/v2\/pages\/1379\/revisions"}],"predecessor-version":[{"id":1614,"href":"https:\/\/elecosinpasos.com\/index.php?rest_route=\/wp\/v2\/pages\/1379\/revisions\/1614"}],"wp:attachment":[{"href":"https:\/\/elecosinpasos.com\/index.php?rest_route=%2Fwp%2Fv2%2Fmedia&parent=1379"}],"curies":[{"name":"wp","href":"https:\/\/api.w.org\/{rel}","templated":true}]}}