{"id":2186,"date":"2023-06-08T08:09:14","date_gmt":"2023-06-08T08:09:14","guid":{"rendered":"https:\/\/elecosinpasos.com\/?page_id=2186"},"modified":"2026-02-18T21:12:56","modified_gmt":"2026-02-18T21:12:56","slug":"certamen-de-microrelats-fantastics-i-de-terror-de-sants","status":"publish","type":"page","link":"https:\/\/elecosinpasos.com\/?page_id=2186","title":{"rendered":"Hist\u00f2ria d&#8217;un certamen"},"content":{"rendered":"<div id=\"attachment_2267\" style=\"width: 650px\" class=\"wp-caption aligncenter\"><img loading=\"lazy\" decoding=\"async\" aria-describedby=\"caption-attachment-2267\" class=\"wp-image-2267 size-large\" src=\"https:\/\/elecosinpasos.com\/wp-content\/uploads\/2026\/02\/IMG_20191115_200938-1024x768.jpg\" alt=\"\" width=\"640\" height=\"480\" srcset=\"https:\/\/elecosinpasos.com\/wp-content\/uploads\/2026\/02\/IMG_20191115_200938-1024x768.jpg 1024w, https:\/\/elecosinpasos.com\/wp-content\/uploads\/2026\/02\/IMG_20191115_200938-300x225.jpg 300w, https:\/\/elecosinpasos.com\/wp-content\/uploads\/2026\/02\/IMG_20191115_200938-768x576.jpg 768w, https:\/\/elecosinpasos.com\/wp-content\/uploads\/2026\/02\/IMG_20191115_200938-1536x1152.jpg 1536w, https:\/\/elecosinpasos.com\/wp-content\/uploads\/2026\/02\/IMG_20191115_200938-2048x1536.jpg 2048w\" sizes=\"auto, (max-width: 640px) 100vw, 640px\" \/><p id=\"caption-attachment-2267\" class=\"wp-caption-text\">Lectura de finalistes, 2019. VIII Certamen.\u00a0<\/p><\/div>\n<h3 style=\"text-align: justify;\">Certamen de microrelats fant\u00e0stics i de terror de Sants (2012-2025).<\/h3>\n<p style=\"text-align: justify;\">El 2012 vaig proposar el projecte d&#8217;un certamen de microrelats, fant\u00e0stics i de terror a l&#8217;organitzaci\u00f3 de Cotxeres-Casinet, durant el passi de la Marat\u00f3 de cinema fant\u00e0stic i de terror de Sants.\u00a0D&#8217;en\u00e7\u00e0 de llavors, el certamen es va incorporar a la dinamitzaci\u00f3 del gust pel g\u00e8nere en format escrit que durant tants anys havia format part de la vida dels ve\u00efns del barri de Sants.<\/p>\n<p>En els seus inicis, el certamen tenia una sola categoria biling\u00fce. En algun moment i gr\u00e0cies a la col\u00b7laboraci\u00f3 del jurat, es va decidir augmentar el guard\u00f3 i dedicar dues categories de catal\u00e0 i castell\u00e0. \u00c9s una de les decisions m\u00e9s encertades que vam prendre per poder promoure i defensar en condicions d&#8217;igualtat les dues lleng\u00fces oficials.<\/p>\n<div id=\"attachment_2265\" style=\"width: 650px\" class=\"wp-caption aligncenter\"><img loading=\"lazy\" decoding=\"async\" aria-describedby=\"caption-attachment-2265\" class=\"wp-image-2265 size-large\" src=\"https:\/\/elecosinpasos.com\/wp-content\/uploads\/2026\/02\/IMG_20191115_201050-1024x768.jpg\" alt=\"\" width=\"640\" height=\"480\" srcset=\"https:\/\/elecosinpasos.com\/wp-content\/uploads\/2026\/02\/IMG_20191115_201050-1024x768.jpg 1024w, https:\/\/elecosinpasos.com\/wp-content\/uploads\/2026\/02\/IMG_20191115_201050-300x225.jpg 300w, https:\/\/elecosinpasos.com\/wp-content\/uploads\/2026\/02\/IMG_20191115_201050-768x576.jpg 768w, https:\/\/elecosinpasos.com\/wp-content\/uploads\/2026\/02\/IMG_20191115_201050-1536x1152.jpg 1536w, https:\/\/elecosinpasos.com\/wp-content\/uploads\/2026\/02\/IMG_20191115_201050-2048x1536.jpg 2048w\" sizes=\"auto, (max-width: 640px) 100vw, 640px\" \/><p id=\"caption-attachment-2265\" class=\"wp-caption-text\">Lectura de finalistes, 2019. VIII Certamen.\u00a0<\/p><\/div>\n<p><strong>P. D.\u00a0 (18\/02\/26)<\/strong><\/p>\n<p>La XIII edici\u00f3 ha estat l&#8217;\u00faltima del certamen de microrelats.<\/p>\n<p>Ha estat una decisi\u00f3 meditada els \u00faltims tres anys. Personalment, la vida familiar, la professional i el trasllat a una nova ciutat els \u00faltims tres anys, abandonant a desgrat el barri de Sants i de l&#8217;Hospitalet, com a molts de vosaltres us pot haver passat, han estat decisius.<\/p>\n<p>Vaig donar la not\u00edcia al jurat el setembre de 2025, a comen\u00e7ament de les lectures, i despr\u00e9s a l&#8217;organitzaci\u00f3. XIII anys s\u00f3n bastants anys, prous per a fer balan\u00e7 i poder veure-ho amb perspectiva. Durant tot aquest temps, voldria agrair a tots els que heu fet de jurat la vostra participaci\u00f3 desinteressada: Alan, Jordi, Gorka, Sever\u00ed, Illana, Raquel, Susanna, Edurne, Jos\u00e9 Antonio, Albert i alg\u00fa m\u00e9s de qui em falla la mem\u00f2ria.<\/p>\n<p>Tamb\u00e9 vull agrair a tots els participants que han respectat la normativa i als finalistes i guanyadors respectius d&#8217;aquests anys, tamb\u00e9, donar-vos les gr\u00e0cies per la vostra empenta i les ganes de voler expressar aquelles inquietuds en forma de relats brev\u00edssims.<\/p>\n<p>XIII \u00e9s un nombre ben trobat per acabar les coses, m\u00e9s quan s\u00f3n de terror i fant\u00e0stic.<\/p>\n<p><img loading=\"lazy\" decoding=\"async\" class=\"wp-image-2209 aligncenter\" style=\"text-align: justify;\" src=\"https:\/\/elecosinpasos.com\/wp-content\/uploads\/2024\/06\/cartell-estilo-692x1024.jpg\" alt=\"\" width=\"564\" height=\"834\" srcset=\"https:\/\/elecosinpasos.com\/wp-content\/uploads\/2024\/06\/cartell-estilo-692x1024.jpg 692w, https:\/\/elecosinpasos.com\/wp-content\/uploads\/2024\/06\/cartell-estilo-203x300.jpg 203w, https:\/\/elecosinpasos.com\/wp-content\/uploads\/2024\/06\/cartell-estilo-768x1136.jpg 768w, https:\/\/elecosinpasos.com\/wp-content\/uploads\/2024\/06\/cartell-estilo-1038x1536.jpg 1038w, https:\/\/elecosinpasos.com\/wp-content\/uploads\/2024\/06\/cartell-estilo.jpg 1068w\" sizes=\"auto, (max-width: 564px) 100vw, 564px\" \/><\/p>\n\r\n\t\t<style>\r\n\t\t\t.huge-it-share-buttons {\r\n\t\t\t\tborder:0px solid #0FB5D6;\r\n\t\t\t\tborder-radius:5px;\r\n\t\t\t\tbackground:#3BD8FF;\r\n\t\t\t\t\t\t\t\t\t text-align:center; \t\t\t}\r\n\r\n\t\t\t#huge-it-share-buttons-top {margin-bottom:0px;}\r\n\t\t\t#huge-it-share-buttons-bottom {margin-top:0px;}\r\n\r\n\t\t\t.huge-it-share-buttons h3 {\r\n\t\t\t\tfont-size:25px ;\r\n\t\t\t\tfont-family:Arial,Helvetica Neue,Helvetica,sans-serif;\r\n\t\t\t\tcolor:#666666;\r\n\r\n\t\t\tdisplay:block;\t\t\t\tline-height:25px ;\r\n\r\n\t\t\t\t\t\t\t\t\t text-align:center; \t\t\t}\r\n\r\n\t\t\t.huge-it-share-buttons ul {\r\n\t\t\t\t\t\t\t\t\t margin:0px auto !important;text-align:center; \t\t\t}\r\n\r\n\t\t\t.huge-it-share-buttons ul li {\r\n\t\t\t\tmargin-left:3px;\r\n\t\t\t\tmargin-right:3px;\r\n\t\t\t\tpadding:0px;\r\n\t\t\t\tborder:0px ridge #E6354C;\r\n\t\t\t\tborder-radius:11px;\r\n\t\t\t\tbackground-color:#14CC9B;\r\n\t\t\t}\r\n\r\n\t\t\t.huge-it-share-buttons ul li #backforunical2186 {\r\n\t\t\t\tborder-bottom: 0;\r\n\t\t\t\tbackground-image:url('https:\/\/elecosinpasos.com\/wp-content\/plugins\/wp-share-buttons\/Front_end\/..\/images\/buttons.30.png');\r\n\t\t\t\twidth:30px;\r\n\t\t\t\theight:30px;\r\n\t\t\t}\r\n\r\n\t\t\t.front-shares-count {\r\n\t\t\t\tposition: absolute;\r\n\t\t\t\ttext-align: center;\r\n\t\t\t\tdisplay: block;\r\n\t\t\t}\r\n\r\n\t\t\t.shares_size20 .front-shares-count {\r\n\t\t\t\tfont-size: 10px;\r\n\t\t\t\ttop: 10px;\r\n\t\t\t\twidth: 20px;\r\n\t\t\t}\r\n\r\n\t\t\t.shares_size30 .front-shares-count {\r\n\t\t\t\tfont-size: 11px;\r\n\t\t\t\ttop: 15px;\r\n\t\t\t\twidth: 30px;\r\n\t\t\t}\r\n\r\n\t\t\t.shares_size40 .front-shares-count {\r\n\t\t\t\tfont-size: 12px;\r\n\t\t\t\ttop: 21px;\r\n\t\t\t\twidth: 40px;\r\n\t\t\t}\r\n\t\t<\/style>\r\n\t\t\r\n\t\t<div id=\"huge-it-share-buttons-top\" class=\"huge-it-share-buttons nobackground\">\r\n\t\t\t<h3>Share This:<\/h3>\r\n\t\t\t<ul class=\"huge-it-share-buttons-list \">\r\n\t\t\t\t\t\t\t\t\t<li class=\"nobackground \" >\r\n\r\n\t\t\t\t\t\t\t\t\t\t\t\t<a id=\"backforunical2186\" href=\"https:\/\/www.facebook.com\/sharer\/sharer.php?u=elecosinpasos.com\/index.php?rest_route=%2Fwp%2Fv2%2Fpages%2F2186\"  onclick=\"javascript:void window.open('https:\/\/www.facebook.com\/sharer\/sharer.php?u=elecosinpasos.com\/index.php?rest_route=%2Fwp%2Fv2%2Fpages%2F2186','1410949501326','width=700,height=500,toolbar=0,menubar=0,location=0,status=1,scrollbars=1,resizable=1,left=0,top=0');return false;\" style=\"background-position: -0px -120px \"><\/a>\r\n\t\t\t\t\t<\/li>\r\n\t\t\t\t\t\t\t\t\t\t<li class=\"nobackground \" >\r\n\r\n\t\t\t\t\t\t\t\t\t\t\t\t<a id=\"backforunical2186\" href=\"https:\/\/twitter.com\/share?status=elecosinpasos.com\/index.php?rest_route=%2Fwp%2Fv2%2Fpages%2F2186&text=Hist\u00f2ria d&#8217;un certamen\"  onclick=\"javascript:void window.open('https:\/\/twitter.com\/share?status=elecosinpasos.com\/index.php?rest_route=%2Fwp%2Fv2%2Fpages%2F2186&text=Hist\u00f2ria d&#8217;un certamen','1410949501326','width=700,height=500,toolbar=0,menubar=0,location=0,status=1,scrollbars=1,resizable=1,left=0,top=0');return false;\" style=\"background-position: -30px -120px \"><\/a>\r\n\t\t\t\t\t<\/li>\r\n\t\t\t\t\t\t\t\t\t\t<li class=\"none nobackground \" >\r\n\r\n\t\t\t\t\t\t\t\t\t\t\t\t<a id=\"backforunical2186\" href=\"http:\/\/www.pinterest.com\/pin\/create\/button\/?url=elecosinpasos.com\/index.php?rest_route=%2Fwp%2Fv2%2Fpages%2F2186&media=https:\/\/elecosinpasos.com\/wp-content\/uploads\/2024\/06\/cartell-estilo.jpg&description=Hist\u00f2ria d&#8217;un certamen\"  onclick=\"javascript:void window.open('http:\/\/www.pinterest.com\/pin\/create\/button\/?url=elecosinpasos.com\/index.php?rest_route=%2Fwp%2Fv2%2Fpages%2F2186&media=https:\/\/elecosinpasos.com\/wp-content\/uploads\/2024\/06\/cartell-estilo.jpg&description=Hist\u00f2ria d&#8217;un certamen','1410949501326','width=700,height=500,toolbar=0,menubar=0,location=0,status=1,scrollbars=1,resizable=1,left=0,top=0');return false;\" style=\"background-position: -60px -120px \"><\/a>\r\n\t\t\t\t\t<\/li>\r\n\t\t\t\t\t\t\t\t\t\t<li class=\"nobackground \" >\r\n\r\n\t\t\t\t\t\t\t\t\t\t\t\t<a id=\"backforunical2186\" href=\"https:\/\/plus.google.com\/share?url=elecosinpasos.com\/index.php?rest_route=%2Fwp%2Fv2%2Fpages%2F2186\"  onclick=\"javascript:void window.open('https:\/\/plus.google.com\/share?url=elecosinpasos.com\/index.php?rest_route=%2Fwp%2Fv2%2Fpages%2F2186','1410949501326','width=700,height=500,toolbar=0,menubar=0,location=0,status=1,scrollbars=1,resizable=1,left=0,top=0');return false;\" style=\"background-position: -90px -120px \"><\/a>\r\n\t\t\t\t\t<\/li>\r\n\t\t\t\t\t\t\t\t\t\t<li class=\"nobackground \" >\r\n\r\n\t\t\t\t\t\t\t\t\t\t\t\t<a id=\"backforunical2186\" href=\"https:\/\/www.linkedin.com\/shareArticle?title=Hist\u00f2ria d&#8217;un certamen&mini=true&url=https:\/\/elecosinpasos.com\/index.php?rest_route=%2Fwp%2Fv2%2Fpages%2F2186\"  onclick=\"javascript:void window.open('https:\/\/www.linkedin.com\/shareArticle?title=Hist\u00f2ria d&#8217;un certamen&mini=true&url=https:\/\/elecosinpasos.com\/index.php?rest_route=%2Fwp%2Fv2%2Fpages%2F2186','1410949501326','width=700,height=500,toolbar=0,menubar=0,location=0,status=1,scrollbars=1,resizable=1,left=0,top=0');return false;\" style=\"background-position: -120px -120px \"><\/a>\r\n\t\t\t\t\t<\/li>\r\n\t\t\t\t\t\t\t\t\t\t<li class=\"none nobackground \" >\r\n\r\n\t\t\t\t\t\t\t\t\t\t\t\t<a id=\"backforunical2186\" href=\"https:\/\/www.tumblr.com\/share\/link?url=elecosinpasos.com\/index.php?rest_route=%2Fwp%2Fv2%2Fpages%2F2186&name=Hist\u00f2ria d&#8217;un certamen\"  onclick=\"javascript:void window.open('https:\/\/www.tumblr.com\/share\/link?url=elecosinpasos.com\/index.php?rest_route=%2Fwp%2Fv2%2Fpages%2F2186&name=Hist\u00f2ria d&#8217;un certamen','1410949501326','width=700,height=500,toolbar=0,menubar=0,location=0,status=1,scrollbars=1,resizable=1,left=0,top=0');return false;\" style=\"background-position: -150px -120px \"><\/a>\r\n\t\t\t\t\t<\/li>\r\n\t\t\t\t\t\t\t\t\t\t<li class=\"none nobackground \" >\r\n\r\n\t\t\t\t\t\t\t\t\t\t\t\t<a id=\"backforunical2186\" href=\"http:\/\/digg.com\/submit?phase=2&url=elecosinpasos.com\/index.php?rest_route=%2Fwp%2Fv2%2Fpages%2F2186&title=Hist\u00f2ria d&#8217;un certamen\"  onclick=\"javascript:void window.open('http:\/\/digg.com\/submit?phase=2&url=elecosinpasos.com\/index.php?rest_route=%2Fwp%2Fv2%2Fpages%2F2186&title=Hist\u00f2ria d&#8217;un certamen','1410949501326','width=700,height=500,toolbar=0,menubar=0,location=0,status=1,scrollbars=1,resizable=1,left=0,top=0');return false;\" style=\"background-position: -180px -120px \"><\/a>\r\n\t\t\t\t\t<\/li>\r\n\t\t\t\t\t\t\t\t\t\t<li class=\"none nobackground \" >\r\n\r\n\t\t\t\t\t\t\t\t\t\t\t\t<a id=\"backforunical2186\" href=\"http:\/\/www.stumbleupon.com\/submit?url=elecosinpasos.com\/index.php?rest_route=%2Fwp%2Fv2%2Fpages%2F2186&title=Hist\u00f2ria d&#8217;un certamen\"  onclick=\"javascript:void window.open('http:\/\/www.stumbleupon.com\/submit?url=elecosinpasos.com\/index.php?rest_route=%2Fwp%2Fv2%2Fpages%2F2186&title=Hist\u00f2ria d&#8217;un certamen','1410949501326','width=700,height=500,toolbar=0,menubar=0,location=0,status=1,scrollbars=1,resizable=1,left=0,top=0');return false;\" style=\"background-position: -210px -120px \"><\/a>\r\n\t\t\t\t\t<\/li>\r\n\t\t\t\t\t\t\t\t\t\t<li class=\"none nobackground \" >\r\n\r\n\t\t\t\t\t\t\t\t\t\t\t\t<a id=\"backforunical2186\" href=\"https:\/\/myspace.com\/post?l=3&u=elecosinpasos.com\/index.php?rest_route=%2Fwp%2Fv2%2Fpages%2F2186\"  onclick=\"javascript:void window.open('https:\/\/myspace.com\/post?l=3&u=elecosinpasos.com\/index.php?rest_route=%2Fwp%2Fv2%2Fpages%2F2186','1410949501326','width=700,height=500,toolbar=0,menubar=0,location=0,status=1,scrollbars=1,resizable=1,left=0,top=0');return false;\" style=\"background-position: -240px -120px \"><\/a>\r\n\t\t\t\t\t<\/li>\r\n\t\t\t\t\t\t\t\t\t\t<li class=\"none nobackground \" >\r\n\r\n\t\t\t\t\t\t\t\t\t\t\t\t<a id=\"backforunical2186\" href=\"http:\/\/vk.com\/share.php?url=elecosinpasos.com\/index.php?rest_route=%2Fwp%2Fv2%2Fpages%2F2186&title=Hist\u00f2ria d&#8217;un certamen\"  onclick=\"javascript:void window.open('http:\/\/vk.com\/share.php?url=elecosinpasos.com\/index.php?rest_route=%2Fwp%2Fv2%2Fpages%2F2186&title=Hist\u00f2ria d&#8217;un certamen','1410949501326','width=700,height=500,toolbar=0,menubar=0,location=0,status=1,scrollbars=1,resizable=1,left=0,top=0');return false;\" style=\"background-position: -270px -120px \"><\/a>\r\n\t\t\t\t\t<\/li>\r\n\t\t\t\t\t\t\t\t\t\t<li class=\"none nobackground \" >\r\n\r\n\t\t\t\t\t\t\t\t\t\t\t\t<a id=\"backforunical2186\" href=\"http:\/\/www.reddit.com\/submit?url=elecosinpasos.com\/index.php?rest_route=%2Fwp%2Fv2%2Fpages%2F2186&title=Hist\u00f2ria d&#8217;un certamen\"  onclick=\"javascript:void window.open('http:\/\/www.reddit.com\/submit?url=elecosinpasos.com\/index.php?rest_route=%2Fwp%2Fv2%2Fpages%2F2186&title=Hist\u00f2ria d&#8217;un certamen','1410949501326','width=700,height=500,toolbar=0,menubar=0,location=0,status=1,scrollbars=1,resizable=1,left=0,top=0');return false;\" style=\"background-position: -300px -120px \"><\/a>\r\n\t\t\t\t\t<\/li>\r\n\t\t\t\t\t\t\t\t\t\t<li class=\"none nobackground \" >\r\n\r\n\t\t\t\t\t\t\t\t\t\t\t\t<a id=\"backforunical2186\" href=\"http:\/\/www.bebo.com\/c\/share?Url=elecosinpasos.com\/index.php?rest_route=%2Fwp%2Fv2%2Fpages%2F2186\"  onclick=\"javascript:void window.open('http:\/\/www.bebo.com\/c\/share?Url=elecosinpasos.com\/index.php?rest_route=%2Fwp%2Fv2%2Fpages%2F2186','1410949501326','width=700,height=500,toolbar=0,menubar=0,location=0,status=1,scrollbars=1,resizable=1,left=0,top=0');return false;\" style=\"background-position: -330px -120px \"><\/a>\r\n\t\t\t\t\t<\/li>\r\n\t\t\t\t\t\t\t\t\t\t<li class=\"none nobackground \" >\r\n\r\n\t\t\t\t\t\t\t\t\t\t\t\t<a id=\"backforunical2186\" href=\"https:\/\/delicious.com\/save?v=5&noui&jump=close&url=elecosinpasos.com\/index.php?rest_route=%2Fwp%2Fv2%2Fpages%2F2186&title=Hist\u00f2ria d&#8217;un certamen\"  onclick=\"javascript:void window.open('https:\/\/delicious.com\/save?v=5&noui&jump=close&url=elecosinpasos.com\/index.php?rest_route=%2Fwp%2Fv2%2Fpages%2F2186&title=Hist\u00f2ria d&#8217;un certamen','1410949501326','width=700,height=500,toolbar=0,menubar=0,location=0,status=1,scrollbars=1,resizable=1,left=0,top=0');return false;\" style=\"background-position: -360px -120px \"><\/a>\r\n\t\t\t\t\t<\/li>\r\n\t\t\t\t\t\t\t\t\t\t<li class=\"none nobackground \" >\r\n\r\n\t\t\t\t\t\t\t\t\t\t\t\t<a id=\"backforunical2186\" href=\"http:\/\/www.odnoklassniki.ru\/dk?st.cmd=addShare&st.s=2&st.noresize=on&st._surl=elecosinpasos.com\/index.php?rest_route=%2Fwp%2Fv2%2Fpages%2F2186\"  onclick=\"javascript:void window.open('http:\/\/www.odnoklassniki.ru\/dk?st.cmd=addShare&st.s=2&st.noresize=on&st._surl=elecosinpasos.com\/index.php?rest_route=%2Fwp%2Fv2%2Fpages%2F2186','1410949501326','width=700,height=500,toolbar=0,menubar=0,location=0,status=1,scrollbars=1,resizable=1,left=0,top=0');return false;\" style=\"background-position: -390px -120px \"><\/a>\r\n\t\t\t\t\t<\/li>\r\n\t\t\t\t\t\t\t\t\t\t<li class=\"none nobackground \" >\r\n\r\n\t\t\t\t\t\t\t\t\t\t\t\t<a id=\"backforunical2186\" href=\"http:\/\/sns.qzone.qq.com\/cgi-bin\/qzshare\/cgi_qzshare_onekey?url=elecosinpasos.com\/index.php?rest_route=%2Fwp%2Fv2%2Fpages%2F2186&title=Hist\u00f2ria d&#8217;un certamen\"  onclick=\"javascript:void window.open('http:\/\/sns.qzone.qq.com\/cgi-bin\/qzshare\/cgi_qzshare_onekey?url=elecosinpasos.com\/index.php?rest_route=%2Fwp%2Fv2%2Fpages%2F2186&title=Hist\u00f2ria d&#8217;un certamen','1410949501326','width=700,height=500,toolbar=0,menubar=0,location=0,status=1,scrollbars=1,resizable=1,left=0,top=0');return false;\" style=\"background-position: -420px -120px \"><\/a>\r\n\t\t\t\t\t<\/li>\r\n\t\t\t\t\t\t\t\t\t\t<li class=\"none nobackground \" >\r\n\r\n\t\t\t\t\t\t\t\t\t\t\t\t<a id=\"backforunical2186\" href=\"http:\/\/service.weibo.com\/share\/share.php?url=elecosinpasos.com\/index.php?rest_route=%2Fwp%2Fv2%2Fpages%2F2186&appkey=&title=Hist\u00f2ria d&#8217;un certamen&pic=&ralateUid=&\"  onclick=\"javascript:void window.open('http:\/\/service.weibo.com\/share\/share.php?url=elecosinpasos.com\/index.php?rest_route=%2Fwp%2Fv2%2Fpages%2F2186&appkey=&title=Hist\u00f2ria d&#8217;un certamen&pic=&ralateUid=&','1410949501326','width=700,height=500,toolbar=0,menubar=0,location=0,status=1,scrollbars=1,resizable=1,left=0,top=0');return false;\" style=\"background-position: -450px -120px \"><\/a>\r\n\t\t\t\t\t<\/li>\r\n\t\t\t\t\t\t\t\t\t\t<li class=\"none nobackground \" >\r\n\r\n\t\t\t\t\t\t\t\t\t\t\t\t<a id=\"backforunical2186\" href=\"http:\/\/widget.renren.com\/dialog\/share?resourceUrl=elecosinpasos.com\/index.php?rest_route=%2Fwp%2Fv2%2Fpages%2F2186&srcUrl=elecosinpasos.com\/index.php?rest_route=%2Fwp%2Fv2%2Fpages%2F2186&title=Hist\u00f2ria d&#8217;un certamen\"  onclick=\"javascript:void window.open('http:\/\/widget.renren.com\/dialog\/share?resourceUrl=elecosinpasos.com\/index.php?rest_route=%2Fwp%2Fv2%2Fpages%2F2186&srcUrl=elecosinpasos.com\/index.php?rest_route=%2Fwp%2Fv2%2Fpages%2F2186&title=Hist\u00f2ria d&#8217;un certamen','1410949501326','width=700,height=500,toolbar=0,menubar=0,location=0,status=1,scrollbars=1,resizable=1,left=0,top=0');return false;\" style=\"background-position: -480px -120px \"><\/a>\r\n\t\t\t\t\t<\/li>\r\n\t\t\t\t\t\t\t\t\t\t<li class=\"none nobackground \" >\r\n\r\n\t\t\t\t\t\t\t\t\t\t\t\t<a id=\"backforunical2186\" href=\"http:\/\/n4g.com\/tips?url=elecosinpasos.com\/index.php?rest_route=%2Fwp%2Fv2%2Fpages%2F2186&title=Hist\u00f2ria d&#8217;un certamen\"  onclick=\"javascript:void window.open('http:\/\/n4g.com\/tips?url=elecosinpasos.com\/index.php?rest_route=%2Fwp%2Fv2%2Fpages%2F2186&title=Hist\u00f2ria d&#8217;un certamen','1410949501326','width=700,height=500,toolbar=0,menubar=0,location=0,status=1,scrollbars=1,resizable=1,left=0,top=0');return false;\" style=\"background-position: -510px -120px \"><\/a>\r\n\t\t\t\t\t<\/li>\r\n\t\t\t\t\t\t\t\t<\/ul>\r\n\t\t\t<div class=\"clear\"><\/div>\r\n\t\t<\/div>\r\n\t\t","protected":false},"excerpt":{"rendered":"<p>Certamen de microrelats fant\u00e0stics i de terror de Sants (2012-2025). El 2012 vaig proposar el projecte d&#8217;un certamen de microrelats, fant\u00e0stics i de terror a l&#8217;organitzaci\u00f3 de Cotxeres-Casinet, durant el passi de la Marat\u00f3 de cinema fant\u00e0stic i de terror &hellip; <a href=\"https:\/\/elecosinpasos.com\/?page_id=2186\">Sigue leyendo <span class=\"meta-nav\">&rarr;<\/span><\/a><\/p>\n","protected":false},"author":1,"featured_media":2209,"parent":0,"menu_order":0,"comment_status":"closed","ping_status":"closed","template":"","meta":{"_monsterinsights_skip_tracking":false,"_monsterinsights_sitenote_active":false,"_monsterinsights_sitenote_note":"","_monsterinsights_sitenote_category":0,"footnotes":""},"class_list":["post-2186","page","type-page","status-publish","has-post-thumbnail","hentry"],"_links":{"self":[{"href":"https:\/\/elecosinpasos.com\/index.php?rest_route=\/wp\/v2\/pages\/2186","targetHints":{"allow":["GET"]}}],"collection":[{"href":"https:\/\/elecosinpasos.com\/index.php?rest_route=\/wp\/v2\/pages"}],"about":[{"href":"https:\/\/elecosinpasos.com\/index.php?rest_route=\/wp\/v2\/types\/page"}],"author":[{"embeddable":true,"href":"https:\/\/elecosinpasos.com\/index.php?rest_route=\/wp\/v2\/users\/1"}],"replies":[{"embeddable":true,"href":"https:\/\/elecosinpasos.com\/index.php?rest_route=%2Fwp%2Fv2%2Fcomments&post=2186"}],"version-history":[{"count":9,"href":"https:\/\/elecosinpasos.com\/index.php?rest_route=\/wp\/v2\/pages\/2186\/revisions"}],"predecessor-version":[{"id":2269,"href":"https:\/\/elecosinpasos.com\/index.php?rest_route=\/wp\/v2\/pages\/2186\/revisions\/2269"}],"wp:featuredmedia":[{"embeddable":true,"href":"https:\/\/elecosinpasos.com\/index.php?rest_route=\/wp\/v2\/media\/2209"}],"wp:attachment":[{"href":"https:\/\/elecosinpasos.com\/index.php?rest_route=%2Fwp%2Fv2%2Fmedia&parent=2186"}],"curies":[{"name":"wp","href":"https:\/\/api.w.org\/{rel}","templated":true}]}}