{"id":301,"date":"2014-12-11T01:06:07","date_gmt":"2014-12-11T01:06:07","guid":{"rendered":"http:\/\/elecosinpasos.com\/?page_id=301"},"modified":"2026-02-18T21:31:40","modified_gmt":"2026-02-18T21:31:40","slug":"autor","status":"publish","type":"page","link":"https:\/\/elecosinpasos.com\/?page_id=301","title":{"rendered":"L&#8217;autor"},"content":{"rendered":"\r\n<p style=\"text-align: justify;\"><strong>Ferran Escrig Par\u00e9s<\/strong>\u00a0(Barcelona, 1977), \u00e9s professor d\u2019humanitats i ci\u00e8ncies socials. Va llicenciar-se en Humanitats per la\u00a0<em>Universitat Aut\u00f2noma de Barcelona.\u00a0<\/em>Va ser finalista del certamen de\u00a0<em>Francesc Candel<\/em>\u00a0(La Marina) de poesia el 2009, i guanyador del\u00a0<em>Rodrigo Manrique<\/em> de poesia, el 2012. Ha autoeditat <em>Muerte dentro de la esquina\u00a0<\/em>(2008), publicat <em><a href=\"https:\/\/elecosinpasos.com\/el-movimiento-de-un-instante\/\">El movimiento de un instante<\/a>\u00a0<\/em>(Ed. La busca, 2014) i <a href=\"https:\/\/elecosinpasos.com\/?page_id=1053\"><em>L&#8217;efecte Tetris<\/em><\/a> (Ed. Parnass, 2019). Ha organitzat les tretze edicions del certamen anual de <em>Microrelats fant\u00e0stics i de terror de Sants<\/em>.<\/p>\r\n<p style=\"text-align: justify;\">D&#8217;entre les traduccions al catal\u00e0 compta amb l&#8217;obra po\u00e8tica d&#8217;H. P. Lovecraft, <a href=\"https:\/\/www.amazon.es\/Fongs-Yuggoth-Poemes-biling%C3%BCe-angl%C3%A8s-catal%C3%A0\/dp\/B099L4FS11\/ref=sr_1_1?dchild=1&amp;qid=1635329281&amp;qsid=262-1272185-5232859&amp;refinements=p_lbr_books_authors_browse-bin%3AH.+P.+Lovecraft&amp;s=books&amp;sr=1-1&amp;sres=B099L4FS11%2C8477026\"><em>Fongs de Yuggoth i altres poemes<\/em><\/a> (2021), edici\u00f3 independent, i llibres il\u00b7lustrats de poesia infantil del castell\u00e0 per a l&#8217;editorial Tramuntana: <em>Una nombrosa amistat<\/em> i <em>La f\u00f3rmula 5 4 3 2 1 per calmar els teus marrameus <\/em>i<em> La dragona Ramona i el pet de colors.<\/em><\/p>\r\n<p style=\"text-align: justify;\">En el camp l\u00fadic, ha estat guanyador de creaci\u00f3 de jocs de taula, de la IV edici\u00f3 del Concurs CREARXCREARXCREAR dins del Rac\u00f3 dels Autors 2013 de la fira jugarXjugar de Granollers, i finalista del IV concurs de protojocs Verkami Dau Barcelona del 2018.\u00a0<\/p>\r\n\r\n\t\t<style>\r\n\t\t\t.huge-it-share-buttons {\r\n\t\t\t\tborder:0px solid #0FB5D6;\r\n\t\t\t\tborder-radius:5px;\r\n\t\t\t\tbackground:#3BD8FF;\r\n\t\t\t\t\t\t\t\t\t text-align:center; \t\t\t}\r\n\r\n\t\t\t#huge-it-share-buttons-top {margin-bottom:0px;}\r\n\t\t\t#huge-it-share-buttons-bottom {margin-top:0px;}\r\n\r\n\t\t\t.huge-it-share-buttons h3 {\r\n\t\t\t\tfont-size:25px ;\r\n\t\t\t\tfont-family:Arial,Helvetica Neue,Helvetica,sans-serif;\r\n\t\t\t\tcolor:#666666;\r\n\r\n\t\t\tdisplay:block;\t\t\t\tline-height:25px ;\r\n\r\n\t\t\t\t\t\t\t\t\t text-align:center; \t\t\t}\r\n\r\n\t\t\t.huge-it-share-buttons ul {\r\n\t\t\t\t\t\t\t\t\t margin:0px auto !important;text-align:center; \t\t\t}\r\n\r\n\t\t\t.huge-it-share-buttons ul li {\r\n\t\t\t\tmargin-left:3px;\r\n\t\t\t\tmargin-right:3px;\r\n\t\t\t\tpadding:0px;\r\n\t\t\t\tborder:0px ridge #E6354C;\r\n\t\t\t\tborder-radius:11px;\r\n\t\t\t\tbackground-color:#14CC9B;\r\n\t\t\t}\r\n\r\n\t\t\t.huge-it-share-buttons ul li #backforunical301 {\r\n\t\t\t\tborder-bottom: 0;\r\n\t\t\t\tbackground-image:url('https:\/\/elecosinpasos.com\/wp-content\/plugins\/wp-share-buttons\/Front_end\/..\/images\/buttons.30.png');\r\n\t\t\t\twidth:30px;\r\n\t\t\t\theight:30px;\r\n\t\t\t}\r\n\r\n\t\t\t.front-shares-count {\r\n\t\t\t\tposition: absolute;\r\n\t\t\t\ttext-align: center;\r\n\t\t\t\tdisplay: block;\r\n\t\t\t}\r\n\r\n\t\t\t.shares_size20 .front-shares-count {\r\n\t\t\t\tfont-size: 10px;\r\n\t\t\t\ttop: 10px;\r\n\t\t\t\twidth: 20px;\r\n\t\t\t}\r\n\r\n\t\t\t.shares_size30 .front-shares-count {\r\n\t\t\t\tfont-size: 11px;\r\n\t\t\t\ttop: 15px;\r\n\t\t\t\twidth: 30px;\r\n\t\t\t}\r\n\r\n\t\t\t.shares_size40 .front-shares-count {\r\n\t\t\t\tfont-size: 12px;\r\n\t\t\t\ttop: 21px;\r\n\t\t\t\twidth: 40px;\r\n\t\t\t}\r\n\t\t<\/style>\r\n\t\t\r\n\t\t<div id=\"huge-it-share-buttons-top\" class=\"huge-it-share-buttons nobackground\">\r\n\t\t\t<h3>Share This:<\/h3>\r\n\t\t\t<ul class=\"huge-it-share-buttons-list \">\r\n\t\t\t\t\t\t\t\t\t<li class=\"nobackground \" >\r\n\r\n\t\t\t\t\t\t\t\t\t\t\t\t<a id=\"backforunical301\" href=\"https:\/\/www.facebook.com\/sharer\/sharer.php?u=elecosinpasos.com\/index.php?rest_route=%2Fwp%2Fv2%2Fpages%2F301\"  onclick=\"javascript:void window.open('https:\/\/www.facebook.com\/sharer\/sharer.php?u=elecosinpasos.com\/index.php?rest_route=%2Fwp%2Fv2%2Fpages%2F301','1410949501326','width=700,height=500,toolbar=0,menubar=0,location=0,status=1,scrollbars=1,resizable=1,left=0,top=0');return false;\" style=\"background-position: -0px -120px \"><\/a>\r\n\t\t\t\t\t<\/li>\r\n\t\t\t\t\t\t\t\t\t\t<li class=\"nobackground \" >\r\n\r\n\t\t\t\t\t\t\t\t\t\t\t\t<a id=\"backforunical301\" href=\"https:\/\/twitter.com\/share?status=elecosinpasos.com\/index.php?rest_route=%2Fwp%2Fv2%2Fpages%2F301&text=L&#8217;autor\"  onclick=\"javascript:void window.open('https:\/\/twitter.com\/share?status=elecosinpasos.com\/index.php?rest_route=%2Fwp%2Fv2%2Fpages%2F301&text=L&#8217;autor','1410949501326','width=700,height=500,toolbar=0,menubar=0,location=0,status=1,scrollbars=1,resizable=1,left=0,top=0');return false;\" style=\"background-position: -30px -120px \"><\/a>\r\n\t\t\t\t\t<\/li>\r\n\t\t\t\t\t\t\t\t\t\t<li class=\"none nobackground \" >\r\n\r\n\t\t\t\t\t\t\t\t\t\t\t\t<a id=\"backforunical301\" href=\"http:\/\/www.pinterest.com\/pin\/create\/button\/?url=elecosinpasos.com\/index.php?rest_route=%2Fwp%2Fv2%2Fpages%2F301&media=https:\/\/elecosinpasos.com\/wp-content\/plugins\/wp-share-buttons\/Front_end\/..\/images\/noimage.png&description=L&#8217;autor\"  onclick=\"javascript:void window.open('http:\/\/www.pinterest.com\/pin\/create\/button\/?url=elecosinpasos.com\/index.php?rest_route=%2Fwp%2Fv2%2Fpages%2F301&media=https:\/\/elecosinpasos.com\/wp-content\/plugins\/wp-share-buttons\/Front_end\/..\/images\/noimage.png&description=L&#8217;autor','1410949501326','width=700,height=500,toolbar=0,menubar=0,location=0,status=1,scrollbars=1,resizable=1,left=0,top=0');return false;\" style=\"background-position: -60px -120px \"><\/a>\r\n\t\t\t\t\t<\/li>\r\n\t\t\t\t\t\t\t\t\t\t<li class=\"nobackground \" >\r\n\r\n\t\t\t\t\t\t\t\t\t\t\t\t<a id=\"backforunical301\" href=\"https:\/\/plus.google.com\/share?url=elecosinpasos.com\/index.php?rest_route=%2Fwp%2Fv2%2Fpages%2F301\"  onclick=\"javascript:void window.open('https:\/\/plus.google.com\/share?url=elecosinpasos.com\/index.php?rest_route=%2Fwp%2Fv2%2Fpages%2F301','1410949501326','width=700,height=500,toolbar=0,menubar=0,location=0,status=1,scrollbars=1,resizable=1,left=0,top=0');return false;\" style=\"background-position: -90px -120px \"><\/a>\r\n\t\t\t\t\t<\/li>\r\n\t\t\t\t\t\t\t\t\t\t<li class=\"nobackground \" >\r\n\r\n\t\t\t\t\t\t\t\t\t\t\t\t<a id=\"backforunical301\" href=\"https:\/\/www.linkedin.com\/shareArticle?title=L&#8217;autor&mini=true&url=https:\/\/elecosinpasos.com\/index.php?rest_route=%2Fwp%2Fv2%2Fpages%2F301\"  onclick=\"javascript:void window.open('https:\/\/www.linkedin.com\/shareArticle?title=L&#8217;autor&mini=true&url=https:\/\/elecosinpasos.com\/index.php?rest_route=%2Fwp%2Fv2%2Fpages%2F301','1410949501326','width=700,height=500,toolbar=0,menubar=0,location=0,status=1,scrollbars=1,resizable=1,left=0,top=0');return false;\" style=\"background-position: -120px -120px \"><\/a>\r\n\t\t\t\t\t<\/li>\r\n\t\t\t\t\t\t\t\t\t\t<li class=\"none nobackground \" >\r\n\r\n\t\t\t\t\t\t\t\t\t\t\t\t<a id=\"backforunical301\" href=\"https:\/\/www.tumblr.com\/share\/link?url=elecosinpasos.com\/index.php?rest_route=%2Fwp%2Fv2%2Fpages%2F301&name=L&#8217;autor\"  onclick=\"javascript:void window.open('https:\/\/www.tumblr.com\/share\/link?url=elecosinpasos.com\/index.php?rest_route=%2Fwp%2Fv2%2Fpages%2F301&name=L&#8217;autor','1410949501326','width=700,height=500,toolbar=0,menubar=0,location=0,status=1,scrollbars=1,resizable=1,left=0,top=0');return false;\" style=\"background-position: -150px -120px \"><\/a>\r\n\t\t\t\t\t<\/li>\r\n\t\t\t\t\t\t\t\t\t\t<li class=\"none nobackground \" >\r\n\r\n\t\t\t\t\t\t\t\t\t\t\t\t<a id=\"backforunical301\" href=\"http:\/\/digg.com\/submit?phase=2&url=elecosinpasos.com\/index.php?rest_route=%2Fwp%2Fv2%2Fpages%2F301&title=L&#8217;autor\"  onclick=\"javascript:void window.open('http:\/\/digg.com\/submit?phase=2&url=elecosinpasos.com\/index.php?rest_route=%2Fwp%2Fv2%2Fpages%2F301&title=L&#8217;autor','1410949501326','width=700,height=500,toolbar=0,menubar=0,location=0,status=1,scrollbars=1,resizable=1,left=0,top=0');return false;\" style=\"background-position: -180px -120px \"><\/a>\r\n\t\t\t\t\t<\/li>\r\n\t\t\t\t\t\t\t\t\t\t<li class=\"none nobackground \" >\r\n\r\n\t\t\t\t\t\t\t\t\t\t\t\t<a id=\"backforunical301\" href=\"http:\/\/www.stumbleupon.com\/submit?url=elecosinpasos.com\/index.php?rest_route=%2Fwp%2Fv2%2Fpages%2F301&title=L&#8217;autor\"  onclick=\"javascript:void window.open('http:\/\/www.stumbleupon.com\/submit?url=elecosinpasos.com\/index.php?rest_route=%2Fwp%2Fv2%2Fpages%2F301&title=L&#8217;autor','1410949501326','width=700,height=500,toolbar=0,menubar=0,location=0,status=1,scrollbars=1,resizable=1,left=0,top=0');return false;\" style=\"background-position: -210px -120px \"><\/a>\r\n\t\t\t\t\t<\/li>\r\n\t\t\t\t\t\t\t\t\t\t<li class=\"none nobackground \" >\r\n\r\n\t\t\t\t\t\t\t\t\t\t\t\t<a id=\"backforunical301\" href=\"https:\/\/myspace.com\/post?l=3&u=elecosinpasos.com\/index.php?rest_route=%2Fwp%2Fv2%2Fpages%2F301\"  onclick=\"javascript:void window.open('https:\/\/myspace.com\/post?l=3&u=elecosinpasos.com\/index.php?rest_route=%2Fwp%2Fv2%2Fpages%2F301','1410949501326','width=700,height=500,toolbar=0,menubar=0,location=0,status=1,scrollbars=1,resizable=1,left=0,top=0');return false;\" style=\"background-position: -240px -120px \"><\/a>\r\n\t\t\t\t\t<\/li>\r\n\t\t\t\t\t\t\t\t\t\t<li class=\"none nobackground \" >\r\n\r\n\t\t\t\t\t\t\t\t\t\t\t\t<a id=\"backforunical301\" href=\"http:\/\/vk.com\/share.php?url=elecosinpasos.com\/index.php?rest_route=%2Fwp%2Fv2%2Fpages%2F301&title=L&#8217;autor\"  onclick=\"javascript:void window.open('http:\/\/vk.com\/share.php?url=elecosinpasos.com\/index.php?rest_route=%2Fwp%2Fv2%2Fpages%2F301&title=L&#8217;autor','1410949501326','width=700,height=500,toolbar=0,menubar=0,location=0,status=1,scrollbars=1,resizable=1,left=0,top=0');return false;\" style=\"background-position: -270px -120px \"><\/a>\r\n\t\t\t\t\t<\/li>\r\n\t\t\t\t\t\t\t\t\t\t<li class=\"none nobackground \" >\r\n\r\n\t\t\t\t\t\t\t\t\t\t\t\t<a id=\"backforunical301\" href=\"http:\/\/www.reddit.com\/submit?url=elecosinpasos.com\/index.php?rest_route=%2Fwp%2Fv2%2Fpages%2F301&title=L&#8217;autor\"  onclick=\"javascript:void window.open('http:\/\/www.reddit.com\/submit?url=elecosinpasos.com\/index.php?rest_route=%2Fwp%2Fv2%2Fpages%2F301&title=L&#8217;autor','1410949501326','width=700,height=500,toolbar=0,menubar=0,location=0,status=1,scrollbars=1,resizable=1,left=0,top=0');return false;\" style=\"background-position: -300px -120px \"><\/a>\r\n\t\t\t\t\t<\/li>\r\n\t\t\t\t\t\t\t\t\t\t<li class=\"none nobackground \" >\r\n\r\n\t\t\t\t\t\t\t\t\t\t\t\t<a id=\"backforunical301\" href=\"http:\/\/www.bebo.com\/c\/share?Url=elecosinpasos.com\/index.php?rest_route=%2Fwp%2Fv2%2Fpages%2F301\"  onclick=\"javascript:void window.open('http:\/\/www.bebo.com\/c\/share?Url=elecosinpasos.com\/index.php?rest_route=%2Fwp%2Fv2%2Fpages%2F301','1410949501326','width=700,height=500,toolbar=0,menubar=0,location=0,status=1,scrollbars=1,resizable=1,left=0,top=0');return false;\" style=\"background-position: -330px -120px \"><\/a>\r\n\t\t\t\t\t<\/li>\r\n\t\t\t\t\t\t\t\t\t\t<li class=\"none nobackground \" >\r\n\r\n\t\t\t\t\t\t\t\t\t\t\t\t<a id=\"backforunical301\" href=\"https:\/\/delicious.com\/save?v=5&noui&jump=close&url=elecosinpasos.com\/index.php?rest_route=%2Fwp%2Fv2%2Fpages%2F301&title=L&#8217;autor\"  onclick=\"javascript:void window.open('https:\/\/delicious.com\/save?v=5&noui&jump=close&url=elecosinpasos.com\/index.php?rest_route=%2Fwp%2Fv2%2Fpages%2F301&title=L&#8217;autor','1410949501326','width=700,height=500,toolbar=0,menubar=0,location=0,status=1,scrollbars=1,resizable=1,left=0,top=0');return false;\" style=\"background-position: -360px -120px \"><\/a>\r\n\t\t\t\t\t<\/li>\r\n\t\t\t\t\t\t\t\t\t\t<li class=\"none nobackground \" >\r\n\r\n\t\t\t\t\t\t\t\t\t\t\t\t<a id=\"backforunical301\" href=\"http:\/\/www.odnoklassniki.ru\/dk?st.cmd=addShare&st.s=2&st.noresize=on&st._surl=elecosinpasos.com\/index.php?rest_route=%2Fwp%2Fv2%2Fpages%2F301\"  onclick=\"javascript:void window.open('http:\/\/www.odnoklassniki.ru\/dk?st.cmd=addShare&st.s=2&st.noresize=on&st._surl=elecosinpasos.com\/index.php?rest_route=%2Fwp%2Fv2%2Fpages%2F301','1410949501326','width=700,height=500,toolbar=0,menubar=0,location=0,status=1,scrollbars=1,resizable=1,left=0,top=0');return false;\" style=\"background-position: -390px -120px \"><\/a>\r\n\t\t\t\t\t<\/li>\r\n\t\t\t\t\t\t\t\t\t\t<li class=\"none nobackground \" >\r\n\r\n\t\t\t\t\t\t\t\t\t\t\t\t<a id=\"backforunical301\" href=\"http:\/\/sns.qzone.qq.com\/cgi-bin\/qzshare\/cgi_qzshare_onekey?url=elecosinpasos.com\/index.php?rest_route=%2Fwp%2Fv2%2Fpages%2F301&title=L&#8217;autor\"  onclick=\"javascript:void window.open('http:\/\/sns.qzone.qq.com\/cgi-bin\/qzshare\/cgi_qzshare_onekey?url=elecosinpasos.com\/index.php?rest_route=%2Fwp%2Fv2%2Fpages%2F301&title=L&#8217;autor','1410949501326','width=700,height=500,toolbar=0,menubar=0,location=0,status=1,scrollbars=1,resizable=1,left=0,top=0');return false;\" style=\"background-position: -420px -120px \"><\/a>\r\n\t\t\t\t\t<\/li>\r\n\t\t\t\t\t\t\t\t\t\t<li class=\"none nobackground \" >\r\n\r\n\t\t\t\t\t\t\t\t\t\t\t\t<a id=\"backforunical301\" href=\"http:\/\/service.weibo.com\/share\/share.php?url=elecosinpasos.com\/index.php?rest_route=%2Fwp%2Fv2%2Fpages%2F301&appkey=&title=L&#8217;autor&pic=&ralateUid=&\"  onclick=\"javascript:void window.open('http:\/\/service.weibo.com\/share\/share.php?url=elecosinpasos.com\/index.php?rest_route=%2Fwp%2Fv2%2Fpages%2F301&appkey=&title=L&#8217;autor&pic=&ralateUid=&','1410949501326','width=700,height=500,toolbar=0,menubar=0,location=0,status=1,scrollbars=1,resizable=1,left=0,top=0');return false;\" style=\"background-position: -450px -120px \"><\/a>\r\n\t\t\t\t\t<\/li>\r\n\t\t\t\t\t\t\t\t\t\t<li class=\"none nobackground \" >\r\n\r\n\t\t\t\t\t\t\t\t\t\t\t\t<a id=\"backforunical301\" href=\"http:\/\/widget.renren.com\/dialog\/share?resourceUrl=elecosinpasos.com\/index.php?rest_route=%2Fwp%2Fv2%2Fpages%2F301&srcUrl=elecosinpasos.com\/index.php?rest_route=%2Fwp%2Fv2%2Fpages%2F301&title=L&#8217;autor\"  onclick=\"javascript:void window.open('http:\/\/widget.renren.com\/dialog\/share?resourceUrl=elecosinpasos.com\/index.php?rest_route=%2Fwp%2Fv2%2Fpages%2F301&srcUrl=elecosinpasos.com\/index.php?rest_route=%2Fwp%2Fv2%2Fpages%2F301&title=L&#8217;autor','1410949501326','width=700,height=500,toolbar=0,menubar=0,location=0,status=1,scrollbars=1,resizable=1,left=0,top=0');return false;\" style=\"background-position: -480px -120px \"><\/a>\r\n\t\t\t\t\t<\/li>\r\n\t\t\t\t\t\t\t\t\t\t<li class=\"none nobackground \" >\r\n\r\n\t\t\t\t\t\t\t\t\t\t\t\t<a id=\"backforunical301\" href=\"http:\/\/n4g.com\/tips?url=elecosinpasos.com\/index.php?rest_route=%2Fwp%2Fv2%2Fpages%2F301&title=L&#8217;autor\"  onclick=\"javascript:void window.open('http:\/\/n4g.com\/tips?url=elecosinpasos.com\/index.php?rest_route=%2Fwp%2Fv2%2Fpages%2F301&title=L&#8217;autor','1410949501326','width=700,height=500,toolbar=0,menubar=0,location=0,status=1,scrollbars=1,resizable=1,left=0,top=0');return false;\" style=\"background-position: -510px -120px \"><\/a>\r\n\t\t\t\t\t<\/li>\r\n\t\t\t\t\t\t\t\t<\/ul>\r\n\t\t\t<div class=\"clear\"><\/div>\r\n\t\t<\/div>\r\n\t\t","protected":false},"excerpt":{"rendered":"<p>Ferran Escrig Par\u00e9s\u00a0(Barcelona, 1977), \u00e9s professor d\u2019humanitats i ci\u00e8ncies socials. Va llicenciar-se en Humanitats per la\u00a0Universitat Aut\u00f2noma de Barcelona.\u00a0Va ser finalista del certamen de\u00a0Francesc Candel\u00a0(La Marina) de poesia el 2009, i guanyador del\u00a0Rodrigo Manrique de poesia, el 2012. Ha autoeditat &hellip; <a href=\"https:\/\/elecosinpasos.com\/?page_id=301\">Sigue leyendo <span class=\"meta-nav\">&rarr;<\/span><\/a><\/p>\n","protected":false},"author":1,"featured_media":0,"parent":0,"menu_order":0,"comment_status":"open","ping_status":"open","template":"","meta":{"_monsterinsights_skip_tracking":false,"_monsterinsights_sitenote_active":false,"_monsterinsights_sitenote_note":"","_monsterinsights_sitenote_category":0,"footnotes":""},"class_list":["post-301","page","type-page","status-publish","hentry"],"_links":{"self":[{"href":"https:\/\/elecosinpasos.com\/index.php?rest_route=\/wp\/v2\/pages\/301","targetHints":{"allow":["GET"]}}],"collection":[{"href":"https:\/\/elecosinpasos.com\/index.php?rest_route=\/wp\/v2\/pages"}],"about":[{"href":"https:\/\/elecosinpasos.com\/index.php?rest_route=\/wp\/v2\/types\/page"}],"author":[{"embeddable":true,"href":"https:\/\/elecosinpasos.com\/index.php?rest_route=\/wp\/v2\/users\/1"}],"replies":[{"embeddable":true,"href":"https:\/\/elecosinpasos.com\/index.php?rest_route=%2Fwp%2Fv2%2Fcomments&post=301"}],"version-history":[{"count":22,"href":"https:\/\/elecosinpasos.com\/index.php?rest_route=\/wp\/v2\/pages\/301\/revisions"}],"predecessor-version":[{"id":2271,"href":"https:\/\/elecosinpasos.com\/index.php?rest_route=\/wp\/v2\/pages\/301\/revisions\/2271"}],"wp:attachment":[{"href":"https:\/\/elecosinpasos.com\/index.php?rest_route=%2Fwp%2Fv2%2Fmedia&parent=301"}],"curies":[{"name":"wp","href":"https:\/\/api.w.org\/{rel}","templated":true}]}}